{"id":977,"date":"2022-06-17T14:51:05","date_gmt":"2022-06-17T12:51:05","guid":{"rendered":"http:\/\/www.schubert-crystal.com.uvirt128.active24.cz\/?page_id=977"},"modified":"2022-06-17T15:53:25","modified_gmt":"2022-06-17T13:53:25","slug":"bruno-posselt","status":"publish","type":"page","link":"https:\/\/www.schubert-crystal.com\/en\/historicka-sbirka\/bruno-posselt\/","title":{"rendered":"Bruno Posselt"},"content":{"rendered":"<div class=\"wp-block-stackable-columns stk-block-columns stk-block stk-b2d224f stk-block-background\" data-block-id=\"b2d224f\"><style>.stk-b2d224f{background-color:var(--paletteColor2,#23382e) !important}.stk-b2d224f:before{background-color:var(--paletteColor2,#23382e) !important}.stk-b2d224f{margin-top:-90px !important;margin-bottom:0px !important}<\/style><div class=\"stk-row stk-inner-blocks stk-block-content stk-content-align stk-b2d224f-column\">\n<div class=\"wp-block-stackable-column stk-block-column stk-column stk-block stk-0a76f07 stk-block-background stk--has-background-overlay\" data-block-id=\"0a76f07\"><style>.stk-0a76f07{background-color:var(--paletteColor2,#23382e) !important;background-image:url(http:\/\/www.schubert-crystal.com\/wp-content\/uploads\/2022\/01\/flowers-pattern-1-white.svg) !important;background-size:750px !important}.stk-0a76f07:before{background-color:var(--paletteColor2,#23382e) !important;opacity:0.9 !important}.stk-0a76f07{padding-top:90px !important;padding-right:90px !important;padding-bottom:90px !important;padding-left:90px !important}@media screen and (max-width:1023px){.stk-0a76f07{padding-top:50px !important;padding-right:50px !important;padding-bottom:50px !important;padding-left:50px !important}}@media screen and (max-width:767px){.stk-0a76f07{padding-top:50px !important;padding-right:30px !important;padding-bottom:50px !important;padding-left:30px !important}}.stk-0a76f07-container{margin-top:0px !important;margin-right:0px !important;margin-bottom:0px !important;margin-left:0px !important}<\/style><div class=\"stk-column-wrapper stk-block-column__content stk-container stk-0a76f07-container stk--no-background stk--no-padding\"><div class=\"stk-block-content stk-inner-blocks\">\n<div class=\"wp-block-stackable-heading stk-block-heading stk-block stk-5947bfd\" id=\"bruno-posselt\" data-block-id=\"5947bfd\"><style>@media screen and (max-width:1023px){.stk-5947bfd{margin-bottom:30px !important}}.stk-5947bfd .stk-block-heading__text{font-size:50px !important;color:var(--paletteColor1,#ffb547) !important;line-height:1.2em !important}@media screen and (max-width:1023px){.stk-5947bfd .stk-block-heading__text{font-size:30px !important}}<\/style><h2 class=\"stk-block-heading__text has-text-color has-text-align-center-mobile\">Bruno Posselt<\/h2><\/div>\n\n\n\n<div class=\"wp-block-stackable-columns stk-block-columns stk-block stk-1cac84b\" data-block-id=\"1cac84b\"><style>.stk-1cac84b{min-height:0px !important;padding-top:0px !important;padding-right:0px !important;padding-bottom:0px !important;padding-left:0px !important}.stk-1cac84b-column{--stk-column-gap:24px !important}<\/style><div class=\"stk-row stk-inner-blocks stk-block-content stk-content-align stk-1cac84b-column\">\n<div class=\"wp-block-stackable-column stk-block-column stk-column stk-block stk-119faa6 stk-block-background\" data-block-id=\"119faa6\"><style>.stk-119faa6{background-color:var(--paletteColor4,#17241e) !important}.stk-119faa6:before{background-color:var(--paletteColor4,#17241e) !important}.stk-119faa6{margin-bottom:39px !important}<\/style><div class=\"stk-column-wrapper stk-block-column__content stk-container stk-119faa6-container stk--no-background stk--no-padding\"><div class=\"stk-block-content stk-inner-blocks\">\n<div class=\"wp-block-stackable-heading stk-block-heading stk-block stk-426dbd8\" id=\"toaletni-souprava-crystal\" data-block-id=\"426dbd8\"><style>.stk-426dbd8{margin-bottom:12px !important}@media screen and (max-width:1023px){.stk-426dbd8{margin-bottom:30px !important}}.stk-426dbd8 .stk-block-heading__text{font-size:26px !important;margin:0 !important;color:var(--paletteColor1,#ffb547) !important;line-height:1.2em !important}@media screen and (max-width:1023px){.stk-426dbd8 .stk-block-heading__text{font-size:30px !important}}<\/style><h3 class=\"stk-block-heading__text has-text-color has-text-align-center-mobile\">TOILET SET - crystal<\/h3><\/div>\n\n\n\n<div class=\"wp-block-stackable-text stk-block-text stk-block stk-ed5a504\" data-block-id=\"ed5a504\"><style>.stk-ed5a504{margin-bottom:20px !important}.stk-ed5a504 .stk-block-text__text{color:#a2c1a3 !important}<\/style><p class=\"stk-block-text__text has-text-color\">Company Bruno Posselt, Tanvald, 30s, flacon with plug - height 10,5 cm.<\/p><\/div>\n\n\n\n<figure class=\"wp-block-gallery has-nested-images columns-2 wp-block-gallery-1 is-layout-flex wp-block-gallery-is-layout-flex\" data-block-type=\"core\">\n<figure class=\"wp-block-image size-large\" data-block-type=\"core\"><a href=\"http:\/\/www.schubert-crystal.com\/wp-content\/uploads\/2022\/06\/poselt-flakon.jpg\" target=\"_blank\" rel=\"noopener\"><img loading=\"lazy\" decoding=\"async\" width=\"489\" height=\"693\" src=\"http:\/\/www.schubert-crystal.com\/wp-content\/uploads\/2022\/06\/poselt-flakon.jpg\" alt=\"\" class=\"wp-image-980\" srcset=\"https:\/\/www.schubert-crystal.com\/wp-content\/uploads\/2022\/06\/poselt-flakon.jpg 489w, https:\/\/www.schubert-crystal.com\/wp-content\/uploads\/2022\/06\/poselt-flakon-212x300.jpg 212w, https:\/\/www.schubert-crystal.com\/wp-content\/uploads\/2022\/06\/poselt-flakon-8x12.jpg 8w\" sizes=\"(max-width: 489px) 100vw, 489px\" \/><\/a><\/figure>\n\n\n\n<figure class=\"wp-block-image size-large\" data-block-type=\"core\"><a href=\"http:\/\/www.schubert-crystal.com\/wp-content\/uploads\/2022\/06\/poselt-flakon2.jpg\" target=\"_blank\" rel=\"noopener\"><img loading=\"lazy\" decoding=\"async\" width=\"538\" height=\"507\" src=\"http:\/\/www.schubert-crystal.com\/wp-content\/uploads\/2022\/06\/poselt-flakon2.jpg\" alt=\"\" class=\"wp-image-981\" srcset=\"https:\/\/www.schubert-crystal.com\/wp-content\/uploads\/2022\/06\/poselt-flakon2.jpg 538w, https:\/\/www.schubert-crystal.com\/wp-content\/uploads\/2022\/06\/poselt-flakon2-300x283.jpg 300w, https:\/\/www.schubert-crystal.com\/wp-content\/uploads\/2022\/06\/poselt-flakon2-13x12.jpg 13w\" sizes=\"(max-width: 538px) 100vw, 538px\" \/><\/a><\/figure>\n\n\n\n<figure class=\"wp-block-image size-large\" data-block-type=\"core\"><a href=\"http:\/\/www.schubert-crystal.com\/wp-content\/uploads\/2022\/06\/flakony-poselt.jpg\" target=\"_blank\" rel=\"noopener\"><img loading=\"lazy\" decoding=\"async\" width=\"485\" height=\"230\" src=\"http:\/\/www.schubert-crystal.com\/wp-content\/uploads\/2022\/06\/flakony-poselt.jpg\" alt=\"\" class=\"wp-image-979\" srcset=\"https:\/\/www.schubert-crystal.com\/wp-content\/uploads\/2022\/06\/flakony-poselt.jpg 485w, https:\/\/www.schubert-crystal.com\/wp-content\/uploads\/2022\/06\/flakony-poselt-300x142.jpg 300w, https:\/\/www.schubert-crystal.com\/wp-content\/uploads\/2022\/06\/flakony-poselt-18x9.jpg 18w\" sizes=\"(max-width: 485px) 100vw, 485px\" \/><\/a><\/figure>\n<\/figure>\n<\/div><\/div><\/div>\n<\/div><\/div>\n<\/div><\/div><\/div>\n<\/div><\/div>\n\n\n\n<p><\/p>\n\n\n\n<div class=\"wp-block-stackable-spacer stk-block-spacer stk--no-padding stk-block stk-d4a812b\" data-block-id=\"d4a812b\"><style>.stk-d4a812b{height:120px !important}<\/style><\/div>","protected":false},"excerpt":{"rendered":"<p>Bruno Posselt TOALETN\u00cd SOUPRAVA\u00a0&#8211; crystal Firma Bruno Posselt, Tanvald, 30.l\u00e9ta, flakon se z\u00e1tkou &#8211; v\u00fd\u0161ka 10,5 cm.<\/p>","protected":false},"author":1,"featured_media":0,"parent":704,"menu_order":0,"comment_status":"closed","ping_status":"closed","template":"","meta":{"footnotes":""},"blocksy_meta":{"styles_descriptor":{"styles":{"desktop":"[data-prefix=\"single_page\"] .entry-header .page-title {--fontSize:30px;} [data-prefix=\"single_page\"] .entry-header .entry-meta {--fontWeight:600;--textTransform:uppercase;--fontSize:12px;--lineHeight:1.3;} [data-prefix=\"single_page\"] .hero-section[data-type=\"type-2\"] {--alignment:right;background-position:0% 0%;background-color:var(--paletteColor6);background-image:url(http:\/\/www.schubert-crystal.com\/wp-content\/uploads\/2022\/04\/cover-darker.jpg);--container-padding:50px 0;}","tablet":"","mobile":""},"google_fonts":[],"version":5},"page_title_panel":"","has_hero_section":"enabled","5ffcc86d9cbe558589a7335a4b17fc08":"","hero_section":"type-2","hero_elements":[{"id":"custom_title","enabled":false,"heading_tag":"h1","title":"Home","__id":"BTl6utj2JX6Q1wAyBF24I"},{"id":"custom_description","enabled":false,"description_visibility":{"desktop":true,"tablet":true,"mobile":false},"__id":"exr2AkYlnCGbzwVXCjDae"},{"id":"custom_meta","enabled":false,"meta_elements":[{"id":"author","enabled":true,"label":"By","has_author_avatar":"yes","avatar_size":25},{"id":"post_date","enabled":true,"label":"On","date_format_source":"default","date_format":"M j, Y"},{"id":"updated_date","enabled":false,"label":"On","date_format_source":"default","date_format":"M j, Y"},{"id":"categories","enabled":false,"label":"In","style":"simple"},{"id":"comments","enabled":true}],"page_meta_elements":{"joined":true,"articles_count":true,"comments":true},"__id":"TkOKcyo3Q1OZ6yTLsMARa"},{"id":"breadcrumbs","enabled":false,"__id":"fmYpGme78J1-LtS-RV_hv"}],"4b64a89e9cf1c71f78c415ca2ad96058":"","hero_alignment1":"CT_CSS_SKIP_RULE","hero_margin":40,"hero_alignment2":{"desktop":"right","tablet":"right","mobile":"right","__changed":[]},"hero_vertical_alignment":"center","4b8b065a29ad153a59a20b4a2477b0c0":"","hero_structure":"narrow","882966cb031439e8abcbe654321b63ea":"","page_title_bg_type":"featured_image","custom_hero_background":{"attachment_id":null},"parallax":{"desktop":false,"tablet":false,"mobile":false},"afe0a61bff2bb7331128ee6830f89c0d":"","hero_height":"250px","pageTitleFont":{"family":"Default","variation":"Default","size":"30px","line-height":"CT_CSS_SKIP_RULE","letter-spacing":"CT_CSS_SKIP_RULE","text-transform":"CT_CSS_SKIP_RULE","text-decoration":"CT_CSS_SKIP_RULE"},"pageTitleFontColor":{"default":{"color":"CT_CSS_SKIP_RULEDEFAULT"}},"pageMetaFont":{"family":"Default","variation":"n6","size":"12px","line-height":"1.3","letter-spacing":"CT_CSS_SKIP_RULE","text-transform":"uppercase","text-decoration":"CT_CSS_SKIP_RULE"},"pageMetaFontColor":{"default":{"color":"CT_CSS_SKIP_RULEDEFAULT"},"hover":{"color":"CT_CSS_SKIP_RULEDEFAULT"}},"page_meta_button_type_font_colors":{"default":{"color":"CT_CSS_SKIP_RULEDEFAULT"},"hover":{"color":"CT_CSS_SKIP_RULEDEFAULT"}},"page_meta_button_type_background_colors":{"default":{"color":"CT_CSS_SKIP_RULEDEFAULT"},"hover":{"color":"CT_CSS_SKIP_RULEDEFAULT"}},"pageExcerptFont":{"family":"Default","variation":"Default","size":"CT_CSS_SKIP_RULE","line-height":"CT_CSS_SKIP_RULE","letter-spacing":"CT_CSS_SKIP_RULE","text-transform":"CT_CSS_SKIP_RULE","text-decoration":"CT_CSS_SKIP_RULE"},"pageExcerptColor":{"default":{"color":"CT_CSS_SKIP_RULEDEFAULT"}},"breadcrumbsFont":{"family":"Default","variation":"Default","size":"CT_CSS_SKIP_RULE","line-height":"CT_CSS_SKIP_RULE","letter-spacing":"CT_CSS_SKIP_RULE","text-transform":"CT_CSS_SKIP_RULE","text-decoration":"CT_CSS_SKIP_RULE"},"breadcrumbsFontColor":{"default":{"color":"CT_CSS_SKIP_RULEDEFAULT"},"initial":{"color":"CT_CSS_SKIP_RULEDEFAULT"},"hover":{"color":"CT_CSS_SKIP_RULEDEFAULT"}},"pageTitleOverlay":{"background_type":"color","background_pattern":"type-1","background_image":{"attachment_id":null,"x":0,"y":0},"gradient":"linear-gradient(135deg,rgba(6,147,227,1) 0%,rgb(155,81,224) 100%)","background_repeat":"repeat","background_size":"auto","background_attachment":"scroll","patternColor":{"default":{"color":"#e5e7ea"}},"overlayColor":{"default":{"color":"CT_CSS_SKIP_RULE"}},"backgroundColor":{"default":{"color":"CT_CSS_SKIP_RULE"}}},"pageTitleBackground":{"background_type":"image","background_pattern":"type-1","background_image":{"attachment_id":604,"x":"0.00","y":"0.00","url":"http:\/\/www.schubert-crystal.com\/wp-content\/uploads\/2022\/04\/cover-darker-1024x461.jpg"},"gradient":"linear-gradient(135deg,rgba(6,147,227,1) 0%,rgb(155,81,224) 100%)","background_repeat":"repeat","background_size":"auto","background_attachment":"scroll","patternColor":{"default":{"color":"#e5e7ea"}},"overlayColor":{"default":{"color":"CT_CSS_SKIP_RULE"}},"backgroundColor":{"default":{"color":"var(--paletteColor6)"}}},"pageTitlePadding":{"top":"50px","bottom":"50px","left":"auto","right":"auto","linked":true},"0bcb983736ad665a0c7660875b1077a5":"","page_structure_type":"type-2","f16393a2ff4a1e41e4ce9bc12da7c8dd":"","content_style_source":"inherit","content_style":"wide","vertical_spacing_source":"custom","content_area_spacing":"none","background":{"background_type":"color","background_pattern":"type-1","background_image":{"attachment_id":null,"x":0,"y":0},"gradient":"linear-gradient(135deg,rgba(6,147,227,1) 0%,rgb(155,81,224) 100%)","background_repeat":"repeat","background_size":"auto","background_attachment":"scroll","patternColor":{"default":{"color":"#e5e7ea"}},"overlayColor":{"default":{"color":"CT_CSS_SKIP_RULE"}},"backgroundColor":{"default":{"color":"CT_CSS_SKIP_RULE"}}},"content_background":{"background_type":"color","background_pattern":"type-1","background_image":{"attachment_id":null,"x":0,"y":0},"gradient":"linear-gradient(135deg,rgba(6,147,227,1) 0%,rgb(155,81,224) 100%)","background_repeat":"repeat","background_size":"auto","background_attachment":"scroll","patternColor":{"default":{"color":"#e5e7ea"}},"overlayColor":{"default":{"color":"CT_CSS_SKIP_RULE"}},"backgroundColor":{"default":{"color":"var(--paletteColor8)"}}},"content_boxed_shadow":{"inherit":false,"blur":18,"spread":-6,"v_offset":12,"h_offset":0,"inset":false,"enable":true,"color":{"color":"rgba(34, 56, 101, 0.04)"}},"boxed_content_spacing":{"desktop":{"top":"40px","bottom":"40px","left":"40px","right":"40px","linked":true},"tablet":{"top":"35px","bottom":"35px","left":"35px","right":"35px","linked":true},"mobile":{"top":"20px","bottom":"20px","left":"20px","right":"20px","linked":true}},"content_boxed_radius":{"top":"3px","bottom":"3px","left":"3px","right":"3px","linked":true},"97d23c9ec9eaca5b5ac944667707b21a":"","disable_featured_image":"no","disable_share_box":"no","disable_header":"no","disable_footer":"no","b3eeed0e2043b79980e95278c5d22568":"","d95e031d8a8ef13972e99789d76f1d1e":"","0b52a6e39d8ab9c1d731ea30588707cf":"","cbe8cf4c257f2cef5d151815269a3504":"","page_title_image_size":"full","35c693d91716b67bb6ce5a9cbeb182f0":"","7f6347f1b147b4006749af4340c83d6f":"","e28017f134107c4e17c03d63321c9bc6":"","content_boxed_border":{"width":1,"style":"none","color":{"color":"rgba(44,62,80,0.2)"}},"d2485b62336b41f550db0ae6318a6f36":"","402920016bae420e6ef961a3415eccdb":"","12b9cd74169c32cf62ec4243803ddaff":"","667d724bf9921dcb5e2a269a3776f467":"","03a407f746464c3bc3847acbc525eaab":"","b7a95b2eba13df3abac83ba8d32ae567":"","584335c9966096c888928dffccd01835":"","e960a770f4a6c11b13d970cc98dded20":"","5e1a5ad506c37fd80ddc91191574f247":""},"featured_image_urls":{"full":"","thumbnail":"","medium":"","medium_large":"","large":"","1536x1536":"","2048x2048":"","trp-custom-language-flag":"","woocommerce_thumbnail":"","woocommerce_single":"","woocommerce_gallery_thumbnail":""},"post_excerpt_stackable":"<p>Bruno Posselt TOALETN\u00cd SOUPRAVA\u00a0&#8211; crystal Firma Bruno Posselt, Tanvald, 30.l\u00e9ta, flakon se z\u00e1tkou &#8211; v\u00fd\u0161ka 10,5 cm.<\/p>\n","category_list":"","author_info":{"name":"Test Test","url":"https:\/\/www.schubert-crystal.com\/en\/author\/g-uhlirgmail-com\/"},"comments_num":"0 comments","jetpack_sharing_enabled":true,"_links":{"self":[{"href":"https:\/\/www.schubert-crystal.com\/en\/wp-json\/wp\/v2\/pages\/977"}],"collection":[{"href":"https:\/\/www.schubert-crystal.com\/en\/wp-json\/wp\/v2\/pages"}],"about":[{"href":"https:\/\/www.schubert-crystal.com\/en\/wp-json\/wp\/v2\/types\/page"}],"author":[{"embeddable":true,"href":"https:\/\/www.schubert-crystal.com\/en\/wp-json\/wp\/v2\/users\/1"}],"replies":[{"embeddable":true,"href":"https:\/\/www.schubert-crystal.com\/en\/wp-json\/wp\/v2\/comments?post=977"}],"version-history":[{"count":2,"href":"https:\/\/www.schubert-crystal.com\/en\/wp-json\/wp\/v2\/pages\/977\/revisions"}],"predecessor-version":[{"id":982,"href":"https:\/\/www.schubert-crystal.com\/en\/wp-json\/wp\/v2\/pages\/977\/revisions\/982"}],"up":[{"embeddable":true,"href":"https:\/\/www.schubert-crystal.com\/en\/wp-json\/wp\/v2\/pages\/704"}],"wp:attachment":[{"href":"https:\/\/www.schubert-crystal.com\/en\/wp-json\/wp\/v2\/media?parent=977"}],"curies":[{"name":"wp","href":"https:\/\/api.w.org\/{rel}","templated":true}]}}