{"id":1133,"date":"2022-06-17T22:37:45","date_gmt":"2022-06-17T20:37:45","guid":{"rendered":"http:\/\/www.schubert-crystal.com.uvirt128.active24.cz\/?page_id=1133"},"modified":"2025-02-05T07:27:24","modified_gmt":"2025-02-05T06:27:24","slug":"doprava-a-platba","status":"publish","type":"page","link":"https:\/\/www.schubert-crystal.com\/en\/doprava-a-platba\/","title":{"rendered":"Shipping and payment"},"content":{"rendered":"<div class=\"wp-block-stackable-columns stk-block-columns stk-block stk-1e68553\" data-block-id=\"1e68553\"><div class=\"stk-row stk-inner-blocks stk-block-content stk-content-align stk-1e68553-column\">\n<div class=\"wp-block-stackable-column stk-block-column stk-column stk-block stk-235a63b stk-block-background stk--has-background-overlay\" data-v=\"4\" data-block-id=\"235a63b\"><style>.stk-235a63b-container{margin-top:0px !important;margin-right:0px !important;margin-bottom:0px !important;margin-left:0px !important}.stk-235a63b{background-color:var(--paletteColor2,#23382e) !important;background-image:url(http:\/\/www.schubert-crystal.com\/wp-content\/uploads\/2022\/01\/flowers-pattern-1-white.svg) !important;background-size:750px !important;padding-top:90px !important;padding-right:90px !important;padding-bottom:90px !important;padding-left:90px !important;margin-top:-240px !important}.stk-235a63b:before{background-color:var(--paletteColor2,#23382e) !important;opacity:0.9 !important}@media screen and (max-width:1023px){.stk-235a63b{padding-top:50px !important;padding-right:50px !important;padding-bottom:50px !important;padding-left:50px !important}}@media screen and (max-width:767px){.stk-235a63b{padding-top:50px !important;padding-right:30px !important;padding-bottom:50px !important;padding-left:30px !important}}<\/style><div class=\"stk-column-wrapper stk-block-column__content stk-container stk-235a63b-container stk--no-background stk--no-padding\"><div class=\"stk-block-content stk-inner-blocks stk-235a63b-inner-blocks\">\n<div class=\"wp-block-stackable-heading stk-block-heading stk-block-heading--v2 stk-block stk-120737d\" id=\"doprava-a-platba\" data-block-id=\"120737d\"><style>.stk-120737d .stk-block-heading__text{font-size:50px !important;color:var(--paletteColor1,#ffb547) !important;line-height:1.2em !important}@media screen and (max-width:1023px){.stk-120737d{margin-bottom:30px !important}.stk-120737d .stk-block-heading__text{font-size:30px !important}}<\/style><h2 class=\"stk-block-heading__text has-text-color has-text-align-center-mobile stk-block-heading--use-theme-margins\">Shipping and payment<\/h2><\/div>\n\n\n\n<div class=\"wp-block-stackable-text stk-block-text stk-block stk-bd5fda9\" data-block-id=\"bd5fda9\"><style>.stk-bd5fda9{margin-bottom:20px !important}.stk-bd5fda9 .stk-block-text__text{font-size:18px !important;color:var(u002du002dpaletteColor8,#ffffff) !important}@media screen and (max-width:1023px){.stk-bd5fda9 .stk-block-text__text{font-size:18px !important}}<\/style><p class=\"stk-block-text__text has-text-color has-palette-color-8-color has-text-align-center-mobile\"><span style=\"text-decoration: underline;\"><strong><u>Minim\u00e1ln\u00ed hodnota objedn\u00e1vky je 12.500K\u010d<\/u><\/strong><\/span>, tj. 500EUR. V p\u0159\u00edpad\u011b objedn\u00e1vky pod tuto hodnotu je \u00fa\u010dtov\u00e1n p\u0159\u00edplatek 20%.<\/p><\/div>\n\n\n\n<div class=\"wp-block-stackable-text stk-block-text stk-block stk-e18ccb1\" data-block-id=\"e18ccb1\"><style>.stk-e18ccb1{margin-bottom:20px !important}.stk-e18ccb1 .stk-block-text__text{font-size:18px !important;color:var(u002du002dpaletteColor8,#ffffff) !important}@media screen and (max-width:1023px){.stk-e18ccb1 .stk-block-text__text{font-size:18px !important}}<\/style><p class=\"stk-block-text__text has-text-color has-palette-color-8-color has-text-align-center-mobile\">All products are handmade. Each product contains a company certificate with a history of products and the goods are always properly packed (see below).<\/p><\/div>\n\n\n\n<figure class=\"wp-block-gallery has-nested-images columns-4 is-cropped wp-block-gallery-1 is-layout-flex wp-block-gallery-is-layout-flex\" data-block-type=\"core\">\n<figure class=\"wp-block-image size-large\" data-block-type=\"core\"><a href=\"http:\/\/www.schubert-crystal.com\/wp-content\/uploads\/2022\/06\/certifikat_90x90str_page_1orez_maly.jpg\"><img loading=\"lazy\" decoding=\"async\" width=\"300\" height=\"154\" src=\"http:\/\/www.schubert-crystal.com\/wp-content\/uploads\/2022\/06\/certifikat_90x90str_page_1orez_maly.jpg\" alt=\"\" class=\"wp-image-1135\" srcset=\"https:\/\/www.schubert-crystal.com\/wp-content\/uploads\/2022\/06\/certifikat_90x90str_page_1orez_maly.jpg 300w, https:\/\/www.schubert-crystal.com\/wp-content\/uploads\/2022\/06\/certifikat_90x90str_page_1orez_maly-18x9.jpg 18w\" sizes=\"(max-width: 300px) 100vw, 300px\" \/><\/a><\/figure>\n\n\n\n<figure class=\"wp-block-image size-large\" data-block-type=\"core\"><a href=\"http:\/\/www.schubert-crystal.com\/wp-content\/uploads\/2022\/06\/certifikat_90x90_page_2orez_maly.jpg\"><img loading=\"lazy\" decoding=\"async\" width=\"300\" height=\"150\" src=\"http:\/\/www.schubert-crystal.com\/wp-content\/uploads\/2022\/06\/certifikat_90x90_page_2orez_maly.jpg\" alt=\"\" class=\"wp-image-1136\" srcset=\"https:\/\/www.schubert-crystal.com\/wp-content\/uploads\/2022\/06\/certifikat_90x90_page_2orez_maly.jpg 300w, https:\/\/www.schubert-crystal.com\/wp-content\/uploads\/2022\/06\/certifikat_90x90_page_2orez_maly-18x9.jpg 18w\" sizes=\"(max-width: 300px) 100vw, 300px\" \/><\/a><\/figure>\n\n\n\n<figure class=\"wp-block-image size-large\" data-block-type=\"core\"><a href=\"http:\/\/www.schubert-crystal.com\/wp-content\/uploads\/2022\/06\/CIMG6328.jpg\"><img loading=\"lazy\" decoding=\"async\" width=\"461\" height=\"539\" src=\"http:\/\/www.schubert-crystal.com\/wp-content\/uploads\/2022\/06\/CIMG6328.jpg\" alt=\"\" class=\"wp-image-1138\" srcset=\"https:\/\/www.schubert-crystal.com\/wp-content\/uploads\/2022\/06\/CIMG6328.jpg 461w, https:\/\/www.schubert-crystal.com\/wp-content\/uploads\/2022\/06\/CIMG6328-257x300.jpg 257w, https:\/\/www.schubert-crystal.com\/wp-content\/uploads\/2022\/06\/CIMG6328-10x12.jpg 10w\" sizes=\"(max-width: 461px) 100vw, 461px\" \/><\/a><\/figure>\n\n\n\n<figure class=\"wp-block-image size-large\" data-block-type=\"core\"><a href=\"http:\/\/www.schubert-crystal.com\/wp-content\/uploads\/2022\/06\/CIMG6304.jpg\"><img loading=\"lazy\" decoding=\"async\" width=\"553\" height=\"345\" src=\"http:\/\/www.schubert-crystal.com\/wp-content\/uploads\/2022\/06\/CIMG6304.jpg\" alt=\"\" class=\"wp-image-1137\" srcset=\"https:\/\/www.schubert-crystal.com\/wp-content\/uploads\/2022\/06\/CIMG6304.jpg 553w, https:\/\/www.schubert-crystal.com\/wp-content\/uploads\/2022\/06\/CIMG6304-300x187.jpg 300w, https:\/\/www.schubert-crystal.com\/wp-content\/uploads\/2022\/06\/CIMG6304-18x12.jpg 18w\" sizes=\"(max-width: 553px) 100vw, 553px\" \/><\/a><\/figure>\n<\/figure>\n\n\n\n<div class=\"wp-block-stackable-text stk-block-text stk-block stk-fcc2ee1\" data-block-id=\"fcc2ee1\"><style>.stk-fcc2ee1{margin-bottom:20px !important}.stk-fcc2ee1 .stk-block-text__text{font-size:18px !important;color:var(u002du002dpaletteColor8,#ffffff) !important}@media screen and (max-width:1023px){.stk-fcc2ee1 .stk-block-text__text{font-size:18px !important}}<\/style><p class=\"stk-block-text__text has-text-color has-palette-color-8-color has-text-align-center-mobile\">.<\/p><\/div>\n\n\n\n<div class=\"wp-block-stackable-text stk-block-text stk-block stk-4be1136\" data-block-id=\"4be1136\"><style>.stk-4be1136{margin-bottom:20px !important}.stk-4be1136 .stk-block-text__text{font-size:18px !important;color:var(u002du002dpaletteColor8,#ffffff) !important}@media screen and (max-width:1023px){.stk-4be1136 .stk-block-text__text{font-size:18px !important}}<\/style><p class=\"stk-block-text__text has-text-color has-palette-color-8-color has-text-align-center-mobile translation-block\">.<\/p><\/div>\n\n\n\n<div class=\"wp-block-stackable-text stk-block-text stk-block stk-ebd8a66\" data-block-id=\"ebd8a66\"><style>.stk-ebd8a66{margin-bottom:20px !important}.stk-ebd8a66 .stk-block-text__text{font-size:18px !important;color:var(u002du002dpaletteColor8,#ffffff) !important}@media screen and (max-width:1023px){.stk-ebd8a66 .stk-block-text__text{font-size:18px !important}}<\/style><p class=\"stk-block-text__text has-text-color has-palette-color-8-color has-text-align-center-mobile translation-block\">.<\/p><\/div>\n\n\n\n<p class=\" translation-block\">We sell crystal sodium potassium and crystal lead 24% PbO glass and color transparent ALEXANDRITE and URANIUM GLASS and opaque BLACK AND JADE GLASS(MALACHITE GLASS).<\/p>\n<\/div><\/div><\/div>\n<\/div><\/div>\n\n\n\n<div class=\"wp-block-stackable-spacer stk-block-spacer stk--no-padding stk-block stk-ba60103\" data-block-id=\"ba60103\"><\/div>","protected":false},"excerpt":{"rendered":"<p>Doprava a platba Minim\u00e1ln\u00ed hodnota objedn\u00e1vky je 12.500K\u010d, tj. 500EUR. V p\u0159\u00edpad\u011b objedn\u00e1vky pod tuto hodnotu je \u00fa\u010dtov\u00e1n p\u0159\u00edplatek 20%. V\u0161echny v\u00fdrobky jsou ru\u010dn\u00ed v\u00fdroba. U ka\u017ed\u00e9ho v\u00fdrobku je p\u0159ilo\u017een firemn\u00ed certifik\u00e1t s histori\u00ed v\u00fdrobk\u016f a zbo\u017e\u00ed je v\u017edy d\u016fkladn\u011b zabaleno. Garantujeme odesl\u00e1n\u00ed \u0159\u00e1dn\u011b zabalen\u00e9ho zbo\u017e\u00ed ve 100 % stavu. P\u0159ed odesl\u00e1n\u00edm kontrolujeme jednotliv\u00e9 kusy, tak\u017ee riziko odesl\u00e1n\u00ed po\u0161kozen\u00e9ho zbo\u017e\u00ed je vylou\u010deno. Ve v\u00fdjime\u010dn\u00fdch p\u0159\u00edpadech m\u016f\u017ee doj\u00edt k po\u0161kozen\u00ed zbo\u017e\u00ed p\u0159i p\u0159eprav\u011b. Z\u00e1silky jsou pro tento p\u0159\u00edpad poji\u0161t\u011bn\u00e9. V p\u0159\u00edpad\u011b po\u0161kozen\u00ed v\u00fdrobk\u016f p\u0159i p\u0159eprav\u011b je d\u016fle\u017eit\u00e9 vyfotit nejen po\u0161kozen\u00e9 zbo\u017e\u00ed, ale i jeho zabalen\u00ed a p\u0159epravn\u00ed \u0161t\u00edtky. Vn\u011bj\u0161\u00ed p\u0159epravn\u00ed obal\u2026<\/p>","protected":false},"author":1,"featured_media":0,"parent":0,"menu_order":0,"comment_status":"closed","ping_status":"closed","template":"","meta":{"footnotes":""},"blocksy_meta":{"styles_descriptor":{"styles":{"desktop":"[data-prefix=\"single_page\"] .entry-header .page-title {--fontSize:30px;} [data-prefix=\"single_page\"] .entry-header .entry-meta {--fontWeight:600;--textTransform:uppercase;--fontSize:12px;--lineHeight:1.3;} [data-prefix=\"single_page\"] .hero-section[data-type=\"type-2\"] {background-position:0% 0%;background-size:cover;background-repeat:no-repeat;background-color:var(--paletteColor6);background-image:url(http:\/\/www.schubert-crystal.com\/wp-content\/uploads\/2022\/04\/cover-darker.jpg);--container-padding:0em 0;} [data-prefix=\"single_page\"] [class*=\"ct-container\"] > article[class*=\"post\"] {--has-boxed:var(--false);--has-wide:var(--true);}","tablet":"","mobile":""},"google_fonts":[],"version":5},"page_title_panel":"","has_hero_section":"enabled","5ffcc86d9cbe558589a7335a4b17fc08":"","hero_section":"type-2","hero_elements":[{"id":"custom_title","enabled":false,"heading_tag":"h1","title":"Home","__id":"nw8fkYQhD6yTTZ-mFQO4w"},{"id":"custom_description","enabled":false,"description_visibility":{"desktop":true,"tablet":true,"mobile":false},"__id":"lS-Bcg5Vi666sZJPbet4L"},{"id":"custom_meta","enabled":false,"meta_elements":[{"id":"author","enabled":true,"label":"By","has_author_avatar":"yes","avatar_size":25},{"id":"post_date","enabled":true,"label":"On","date_format_source":"default","date_format":"M j, Y"},{"id":"updated_date","enabled":false,"label":"On","date_format_source":"default","date_format":"M j, Y"},{"id":"categories","enabled":false,"label":"In","style":"simple"},{"id":"comments","enabled":true}],"page_meta_elements":{"joined":true,"articles_count":true,"comments":true},"__id":"M-hNEv1fXDxhCdC54J5qj"},{"id":"breadcrumbs","enabled":false,"__id":"iPPj_TIkk1giQ8TFpy_1a"}],"4b64a89e9cf1c71f78c415ca2ad96058":"","hero_alignment1":"CT_CSS_SKIP_RULE","hero_margin":40,"hero_alignment2":"center","hero_vertical_alignment":"center","4b8b065a29ad153a59a20b4a2477b0c0":"","hero_structure":"narrow","882966cb031439e8abcbe654321b63ea":"","page_title_bg_type":"featured_image","custom_hero_background":{"attachment_id":null},"parallax":{"desktop":false,"tablet":false,"mobile":false},"afe0a61bff2bb7331128ee6830f89c0d":"","hero_height":"250px","pageTitleFont":{"family":"Default","variation":"Default","size":"30px","line-height":"CT_CSS_SKIP_RULE","letter-spacing":"CT_CSS_SKIP_RULE","text-transform":"CT_CSS_SKIP_RULE","text-decoration":"CT_CSS_SKIP_RULE"},"pageTitleFontColor":{"default":{"color":"CT_CSS_SKIP_RULEDEFAULT"}},"pageMetaFont":{"family":"Default","variation":"n6","size":"12px","line-height":"1.3","letter-spacing":"CT_CSS_SKIP_RULE","text-transform":"uppercase","text-decoration":"CT_CSS_SKIP_RULE"},"pageMetaFontColor":{"default":{"color":"CT_CSS_SKIP_RULEDEFAULT"},"hover":{"color":"CT_CSS_SKIP_RULEDEFAULT"}},"page_meta_button_type_font_colors":{"default":{"color":"CT_CSS_SKIP_RULEDEFAULT"},"hover":{"color":"CT_CSS_SKIP_RULEDEFAULT"}},"page_meta_button_type_background_colors":{"default":{"color":"CT_CSS_SKIP_RULEDEFAULT"},"hover":{"color":"CT_CSS_SKIP_RULEDEFAULT"}},"pageExcerptFont":{"family":"Default","variation":"Default","size":"CT_CSS_SKIP_RULE","line-height":"CT_CSS_SKIP_RULE","letter-spacing":"CT_CSS_SKIP_RULE","text-transform":"CT_CSS_SKIP_RULE","text-decoration":"CT_CSS_SKIP_RULE"},"pageExcerptColor":{"default":{"color":"CT_CSS_SKIP_RULEDEFAULT"}},"breadcrumbsFont":{"family":"Default","variation":"Default","size":"CT_CSS_SKIP_RULE","line-height":"CT_CSS_SKIP_RULE","letter-spacing":"CT_CSS_SKIP_RULE","text-transform":"CT_CSS_SKIP_RULE","text-decoration":"CT_CSS_SKIP_RULE"},"breadcrumbsFontColor":{"default":{"color":"CT_CSS_SKIP_RULEDEFAULT"},"initial":{"color":"CT_CSS_SKIP_RULEDEFAULT"},"hover":{"color":"CT_CSS_SKIP_RULEDEFAULT"}},"pageTitleOverlay":{"background_type":"color","background_pattern":"type-1","background_image":{"attachment_id":null,"x":0,"y":0},"gradient":"linear-gradient(135deg,rgba(6,147,227,1) 0%,rgb(155,81,224) 100%)","background_repeat":"repeat","background_size":"auto","background_attachment":"scroll","patternColor":{"default":{"color":"#e5e7ea"}},"overlayColor":{"default":{"color":"CT_CSS_SKIP_RULE"}},"backgroundColor":{"default":{"color":"CT_CSS_SKIP_RULE"}}},"pageTitleBackground":{"background_type":"image","background_pattern":"type-1","background_image":{"attachment_id":604,"x":0,"y":0,"url":"http:\/\/www.schubert-crystal.com\/wp-content\/uploads\/2022\/04\/cover-darker-1024x461.jpg"},"gradient":"linear-gradient(135deg,rgba(6,147,227,1) 0%,rgb(155,81,224) 100%)","background_repeat":"no-repeat","background_size":"cover","background_attachment":"scroll","patternColor":{"default":{"color":"#e5e7ea"}},"overlayColor":{"default":{"color":"CT_CSS_SKIP_RULE"}},"backgroundColor":{"default":{"color":"var(--paletteColor6)"}}},"pageTitlePadding":{"top":"50px","bottom":"50px","left":"auto","right":"auto","linked":true,"desktop":{"top":"0em","bottom":"0em","left":"auto","right":"auto","linked":true},"tablet":{"top":"0em","bottom":"0em","left":"auto","right":"auto","linked":true},"mobile":{"top":"0em","bottom":"0em","left":"auto","right":"auto","linked":true},"__changed":[]},"0bcb983736ad665a0c7660875b1077a5":"","page_structure_type":"type-4","f16393a2ff4a1e41e4ce9bc12da7c8dd":"","content_style_source":"custom","content_style":{"0":"w","1":"i","2":"d","3":"e","desktop":"wide","tablet":"wide","mobile":"wide","__changed":[]},"vertical_spacing_source":"custom","content_area_spacing":"none","background":{"background_type":"color","background_pattern":"type-1","background_image":{"attachment_id":null,"x":0,"y":0},"gradient":"linear-gradient(135deg,rgba(6,147,227,1) 0%,rgb(155,81,224) 100%)","background_repeat":"repeat","background_size":"auto","background_attachment":"scroll","patternColor":{"default":{"color":"#e5e7ea"}},"overlayColor":{"default":{"color":"CT_CSS_SKIP_RULE"}},"backgroundColor":{"default":{"color":"CT_CSS_SKIP_RULE"}}},"content_background":{"background_type":"color","background_pattern":"type-1","background_image":{"attachment_id":null,"x":0,"y":0},"gradient":"linear-gradient(135deg,rgba(6,147,227,1) 0%,rgb(155,81,224) 100%)","background_repeat":"repeat","background_size":"auto","background_attachment":"scroll","patternColor":{"default":{"color":"#e5e7ea"}},"overlayColor":{"default":{"color":"CT_CSS_SKIP_RULE"}},"backgroundColor":{"default":{"color":"var(--paletteColor8)"}}},"content_boxed_shadow":{"inherit":false,"blur":18,"spread":-6,"v_offset":12,"h_offset":0,"inset":false,"enable":true,"color":{"color":"rgba(34, 56, 101, 0.04)"}},"boxed_content_spacing":{"desktop":{"top":"40px","bottom":"40px","left":"40px","right":"40px","linked":true},"tablet":{"top":"35px","bottom":"35px","left":"35px","right":"35px","linked":true},"mobile":{"top":"20px","bottom":"20px","left":"20px","right":"20px","linked":true}},"content_boxed_radius":{"top":"3px","bottom":"3px","left":"3px","right":"3px","linked":true},"97d23c9ec9eaca5b5ac944667707b21a":"","disable_featured_image":"no","disable_share_box":"no","disable_header":"no","disable_footer":"no","10577e8f7cff52d6d540808dc8ebf7f1":"","41d673af733a1438c19de40abe107cc6":"","c94358ffbc240e535114bb9b6a9f0bc1":"","f226c56638ff0b88c5814fbde92ae2fe":"","page_title_image_size":"full","5ab049c9d223d574880653ec06d4eb71":"","a3c9e6732d713944a3acf49f6667d520":"","58707e595cd3cf21cdc7496010de30a1":"","content_boxed_border":{"width":1,"style":"none","color":{"color":"rgba(44,62,80,0.2)"}},"326715a9899d6f90e4886ddcbd57c154":"","f36cb3104af0ef659d0550fa22d48a82":"","3c02ad54e6fdc96f0f01c53ba7bd1fbf":"","a1761d43e738441a9defa8a73acaa5b5":"","637c8ddb6fb845c6846a6b21ba7c3204":"","3f4268c73d292bbc0742d0d1db14b456":"","137f9bc3ce194ff1e0311026f08a2615":"","7aea5c7f22a04226c02f151f7e7814ed":"","66daebee18ca3cb8766f1f800632efdc":"","3d04c35d26a428f0d1e706e339f78d3b":"","1a144f728da4281b4d05c0678f8867bf":"","162bfdd8a9b0b085332f1957c8a8d41d":"","75d0a319708a27917c93eeca7303cc74":"","836c28a2259d731ad30f23dfa9ba747d":"","1f55958cef08414877b18972eef758e3":"","177286c0a37f29431462700a7d7a99b3":"","43238276ed4d593330924eb49106eff5":"","7ed0d7b12cd42a07b61956758a141dec":"","21dc69dd42af149ae6f3ff2312c0b9b3":"","0660c4e7987fc8f276dd268b70831484":"","e3c310173711183500727e2363167e11":"","da74e744e800bfc465e1462d26dfc2ab":"","6fc17a336af8fe0f8d0289cd01e5609e":"","c467cbe75dd0a4735f9a903d085f079f":"","3b8b35d0af3563bf28fe5c7c46794f09":"","a86c910c5b4a4ffff511d4ae87f199c6":"","355206a69332f813560a471bbf16f014":"","3470a963f96d2ea177eacdcd806e7129":"","5779d8efbf43717aacfabc3e78a8a8e2":"","91bae178cc51c79b9621778a6d28b37a":"","e6523be24021274d8db6d43f290de1ed":"","ef984879e1b67aba319e5502fac4d95f":"","5c9dcf5bf2c01c24c2c27ba712fd7e7f":"","a478b25e90ba0e6aecd804432cbcfb5d":"","f84b09b406c0946ed66a90c7cd423146":"","e36e2847185f8827dedaa8d590dead69":"","bc44d5585f8e62c90a697d3e79dad6e3":"","82242473423cf27d7c370f0338cbf73e":"","dc3961a1b6ed5784bba6b3c5d7c0009f":"","55f0a0f66096c5afe2d4103281528944":"","1e76fc4e759c86c99fa9e7103c0410d4":""},"featured_image_urls":{"full":"","thumbnail":"","medium":"","medium_large":"","large":"","1536x1536":"","2048x2048":"","trp-custom-language-flag":"","woocommerce_thumbnail":"","woocommerce_single":"","woocommerce_gallery_thumbnail":""},"post_excerpt_stackable":"<p>Doprava a platba Minim\u00e1ln\u00ed hodnota objedn\u00e1vky je 12.500K\u010d, tj. 500EUR. V p\u0159\u00edpad\u011b objedn\u00e1vky pod tuto hodnotu je \u00fa\u010dtov\u00e1n p\u0159\u00edplatek 20%. V\u0161echny v\u00fdrobky jsou ru\u010dn\u00ed v\u00fdroba. U ka\u017ed\u00e9ho v\u00fdrobku je p\u0159ilo\u017een firemn\u00ed certifik\u00e1t s histori\u00ed v\u00fdrobk\u016f a zbo\u017e\u00ed je v\u017edy d\u016fkladn\u011b zabaleno. Garantujeme odesl\u00e1n\u00ed \u0159\u00e1dn\u011b zabalen\u00e9ho zbo\u017e\u00ed ve 100 % stavu. P\u0159ed odesl\u00e1n\u00edm kontrolujeme jednotliv\u00e9 kusy, tak\u017ee riziko odesl\u00e1n\u00ed po\u0161kozen\u00e9ho zbo\u017e\u00ed je vylou\u010deno. Ve v\u00fdjime\u010dn\u00fdch p\u0159\u00edpadech m\u016f\u017ee doj\u00edt k po\u0161kozen\u00ed zbo\u017e\u00ed p\u0159i p\u0159eprav\u011b. Z\u00e1silky jsou pro tento p\u0159\u00edpad poji\u0161t\u011bn\u00e9. V p\u0159\u00edpad\u011b po\u0161kozen\u00ed v\u00fdrobk\u016f p\u0159i p\u0159eprav\u011b je d\u016fle\u017eit\u00e9 vyfotit nejen po\u0161kozen\u00e9 zbo\u017e\u00ed, ale i jeho zabalen\u00ed a p\u0159epravn\u00ed \u0161t\u00edtky. Vn\u011bj\u0161\u00ed p\u0159epravn\u00ed obal&hellip;<\/p>\n","category_list":"","author_info":{"name":"Test Test","url":"https:\/\/www.schubert-crystal.com\/en\/author\/g-uhlirgmail-com\/"},"comments_num":"0 comments","jetpack_sharing_enabled":true,"_links":{"self":[{"href":"https:\/\/www.schubert-crystal.com\/en\/wp-json\/wp\/v2\/pages\/1133"}],"collection":[{"href":"https:\/\/www.schubert-crystal.com\/en\/wp-json\/wp\/v2\/pages"}],"about":[{"href":"https:\/\/www.schubert-crystal.com\/en\/wp-json\/wp\/v2\/types\/page"}],"author":[{"embeddable":true,"href":"https:\/\/www.schubert-crystal.com\/en\/wp-json\/wp\/v2\/users\/1"}],"replies":[{"embeddable":true,"href":"https:\/\/www.schubert-crystal.com\/en\/wp-json\/wp\/v2\/comments?post=1133"}],"version-history":[{"count":15,"href":"https:\/\/www.schubert-crystal.com\/en\/wp-json\/wp\/v2\/pages\/1133\/revisions"}],"predecessor-version":[{"id":1905,"href":"https:\/\/www.schubert-crystal.com\/en\/wp-json\/wp\/v2\/pages\/1133\/revisions\/1905"}],"wp:attachment":[{"href":"https:\/\/www.schubert-crystal.com\/en\/wp-json\/wp\/v2\/media?parent=1133"}],"curies":[{"name":"wp","href":"https:\/\/api.w.org\/{rel}","templated":true}]}}