{"id":1074,"date":"2022-06-17T21:54:26","date_gmt":"2022-06-17T19:54:26","guid":{"rendered":"http:\/\/www.schubert-crystal.com.uvirt128.active24.cz\/?page_id=1074"},"modified":"2022-06-17T21:59:59","modified_gmt":"2022-06-17T19:59:59","slug":"josef-riedel","status":"publish","type":"page","link":"https:\/\/www.schubert-crystal.com\/en\/historicka-sbirka\/josef-riedel\/","title":{"rendered":"Josef Riedel"},"content":{"rendered":"<div class=\"wp-block-stackable-columns stk-block-columns stk-block stk-e3c5bbb\" data-block-id=\"e3c5bbb\"><style>.stk-e3c5bbb{margin-top:-90px !important;margin-bottom:0px !important}<\/style><div class=\"stk-row stk-inner-blocks stk-block-content stk-content-align stk-e3c5bbb-column\">\n<div class=\"wp-block-stackable-column stk-block-column stk-column stk-block stk-6067795 stk-block-background stk--has-background-overlay\" data-block-id=\"6067795\"><style>.stk-6067795{background-color:var(--paletteColor2,#23382e) !important;background-image:url(http:\/\/www.schubert-crystal.com\/wp-content\/uploads\/2022\/01\/flowers-pattern-1-white.svg) !important;background-size:750px !important}.stk-6067795:before{background-color:var(--paletteColor2,#23382e) !important;opacity:0.9 !important}.stk-6067795{padding-top:90px !important;padding-right:90px !important;padding-bottom:90px !important;padding-left:90px !important}@media screen and (max-width:1023px){.stk-6067795{padding-top:50px !important;padding-right:50px !important;padding-bottom:50px !important;padding-left:50px !important}}@media screen and (max-width:767px){.stk-6067795{padding-top:50px !important;padding-right:30px !important;padding-bottom:50px !important;padding-left:30px !important}}.stk-6067795-container{margin-top:0px !important;margin-right:0px !important;margin-bottom:0px !important;margin-left:0px !important}<\/style><div class=\"stk-column-wrapper stk-block-column__content stk-container stk-6067795-container stk--no-background stk--no-padding\"><div class=\"stk-block-content stk-inner-blocks\">\n<div class=\"wp-block-stackable-heading stk-block-heading stk-block stk-b7dfd98\" id=\"josef-riedel\" data-block-id=\"b7dfd98\"><style>@media screen and (max-width:1023px){.stk-b7dfd98{margin-bottom:30px !important}}.stk-b7dfd98 .stk-block-heading__text{font-size:50px !important;color:var(--paletteColor1,#ffb547) !important;line-height:1.2em !important}@media screen and (max-width:1023px){.stk-b7dfd98 .stk-block-heading__text{font-size:30px !important}}<\/style><h2 class=\"stk-block-heading__text has-text-color has-text-align-center-mobile\">Josef Riedel<\/h2><\/div>\n\n\n\n<div class=\"wp-block-stackable-columns stk-block-columns stk-block stk-b4b32b8\" data-block-id=\"b4b32b8\"><style>.stk-b4b32b8{min-height:0px !important;padding-top:0px !important;padding-right:0px !important;padding-bottom:0px !important;padding-left:0px !important}.stk-b4b32b8-column{--stk-column-gap:24px !important}<\/style><div class=\"stk-row stk-inner-blocks stk-block-content stk-content-align stk-b4b32b8-column\">\n<div class=\"wp-block-stackable-column stk-block-column stk-column stk-block stk-fe30ab8 stk-block-background\" data-block-id=\"fe30ab8\"><style>.stk-fe30ab8{background-color:var(--paletteColor4,#17241e) !important}.stk-fe30ab8:before{background-color:var(--paletteColor4,#17241e) !important}.stk-fe30ab8{margin-bottom:39px !important}<\/style><div class=\"stk-column-wrapper stk-block-column__content stk-container stk-fe30ab8-container stk--no-background stk--no-padding\"><div class=\"stk-block-content stk-inner-blocks\">\n<div class=\"wp-block-stackable-heading stk-block-heading stk-block stk-6caba47\" id=\"dve-tanecnice-opal\" data-block-id=\"6caba47\"><style>.stk-6caba47{margin-bottom:12px !important}@media screen and (max-width:1023px){.stk-6caba47{margin-bottom:30px !important}}.stk-6caba47 .stk-block-heading__text{font-size:26px !important;margin:0 !important;color:var(--paletteColor1,#ffb547) !important;line-height:1.2em !important}@media screen and (max-width:1023px){.stk-6caba47 .stk-block-heading__text{font-size:30px !important}}<\/style><h3 class=\"stk-block-heading__text has-text-color has-text-align-center-mobile\">TWO FEMALE DANCERS - opal<\/h3><\/div>\n\n\n\n<div class=\"wp-block-stackable-text stk-block-text stk-block stk-0d963d0\" data-block-id=\"0d963d0\"><style>.stk-0d963d0{margin-bottom:20px !important}.stk-0d963d0 .stk-block-text__text{color:#a2c1a3 !important}<\/style><p class=\"stk-block-text__text has-text-color\">Company Josef Riedel, Polubn\u00fd, after 1930, height 21,8 cm.<\/p><\/div>\n\n\n\n<figure class=\"wp-block-gallery has-nested-images columns-2 wp-block-gallery-1 is-layout-flex wp-block-gallery-is-layout-flex\" data-block-type=\"core\">\n<figure class=\"wp-block-image size-large\" data-block-type=\"core\"><a href=\"http:\/\/www.schubert-crystal.com\/wp-content\/uploads\/2022\/06\/CIMG1931.jpg\" target=\"_blank\" rel=\"noopener\"><img loading=\"lazy\" decoding=\"async\" width=\"344\" height=\"383\" src=\"http:\/\/www.schubert-crystal.com\/wp-content\/uploads\/2022\/06\/CIMG1931.jpg\" alt=\"\" class=\"wp-image-1076\" srcset=\"https:\/\/www.schubert-crystal.com\/wp-content\/uploads\/2022\/06\/CIMG1931.jpg 344w, https:\/\/www.schubert-crystal.com\/wp-content\/uploads\/2022\/06\/CIMG1931-269x300.jpg 269w, https:\/\/www.schubert-crystal.com\/wp-content\/uploads\/2022\/06\/CIMG1931-11x12.jpg 11w\" sizes=\"(max-width: 344px) 100vw, 344px\" \/><\/a><\/figure>\n\n\n\n<figure class=\"wp-block-image size-large\" data-block-type=\"core\"><a href=\"http:\/\/www.schubert-crystal.com\/wp-content\/uploads\/2022\/06\/riedel.jpg\" target=\"_blank\" rel=\"noopener\"><img loading=\"lazy\" decoding=\"async\" width=\"270\" height=\"373\" src=\"http:\/\/www.schubert-crystal.com\/wp-content\/uploads\/2022\/06\/riedel.jpg\" alt=\"\" class=\"wp-image-1079\" srcset=\"https:\/\/www.schubert-crystal.com\/wp-content\/uploads\/2022\/06\/riedel.jpg 270w, https:\/\/www.schubert-crystal.com\/wp-content\/uploads\/2022\/06\/riedel-217x300.jpg 217w, https:\/\/www.schubert-crystal.com\/wp-content\/uploads\/2022\/06\/riedel-9x12.jpg 9w\" sizes=\"(max-width: 270px) 100vw, 270px\" \/><\/a><\/figure>\n<\/figure>\n<\/div><\/div><\/div>\n\n\n\n<div class=\"wp-block-stackable-column stk-block-column stk-column stk-block stk-6af4616 stk-block-background\" data-block-id=\"6af4616\"><style>.stk-6af4616{background-color:var(--paletteColor4,#17241e) !important}.stk-6af4616:before{background-color:var(--paletteColor4,#17241e) !important}.stk-6af4616{margin-bottom:39px !important}<\/style><div class=\"stk-column-wrapper stk-block-column__content stk-container stk-6af4616-container stk--no-background stk--no-padding\"><div class=\"stk-block-content stk-inner-blocks\">\n<div class=\"wp-block-stackable-heading stk-block-heading stk-block stk-88bc153\" id=\"stolni-hodiny-modre-cire-sklo\" data-block-id=\"88bc153\"><style>.stk-88bc153{margin-bottom:12px !important}@media screen and (max-width:1023px){.stk-88bc153{margin-bottom:30px !important}}.stk-88bc153 .stk-block-heading__text{font-size:26px !important;margin:0 !important;color:var(--paletteColor1,#ffb547) !important;line-height:1.2em !important}@media screen and (max-width:1023px){.stk-88bc153 .stk-block-heading__text{font-size:30px !important}}<\/style><h3 class=\"stk-block-heading__text has-text-color has-text-align-center-mobile\">CLOCK - blue clear glass<\/h3><\/div>\n\n\n\n<div class=\"wp-block-stackable-text stk-block-text stk-block stk-287fc47\" data-block-id=\"287fc47\"><style>.stk-287fc47{margin-bottom:20px !important}.stk-287fc47 .stk-block-text__text{color:#a2c1a3 !important}<\/style><p class=\"stk-block-text__text has-text-color\">Blue clear glass, company Josef Riedel Polubn\u00fd after 1930, height 16,5 cm.<\/p><\/div>\n\n\n\n<figure class=\"wp-block-gallery has-nested-images columns-2 wp-block-gallery-2 is-layout-flex wp-block-gallery-is-layout-flex\" data-block-type=\"core\">\n<figure class=\"wp-block-image size-large\" data-block-type=\"core\"><a href=\"http:\/\/www.schubert-crystal.com\/wp-content\/uploads\/2022\/06\/HODINY.jpg\" target=\"_blank\" rel=\"noopener\"><img loading=\"lazy\" decoding=\"async\" width=\"384\" height=\"396\" src=\"http:\/\/www.schubert-crystal.com\/wp-content\/uploads\/2022\/06\/HODINY.jpg\" alt=\"\" class=\"wp-image-1078\" srcset=\"https:\/\/www.schubert-crystal.com\/wp-content\/uploads\/2022\/06\/HODINY.jpg 384w, https:\/\/www.schubert-crystal.com\/wp-content\/uploads\/2022\/06\/HODINY-291x300.jpg 291w, https:\/\/www.schubert-crystal.com\/wp-content\/uploads\/2022\/06\/HODINY-12x12.jpg 12w\" sizes=\"(max-width: 384px) 100vw, 384px\" \/><\/a><\/figure>\n<\/figure>\n<\/div><\/div><\/div>\n<\/div><\/div>\n\n\n\n<div class=\"wp-block-stackable-columns stk-block-columns stk-block stk-f88f10e\" data-block-id=\"f88f10e\"><style>.stk-f88f10e-column{--stk-column-gap:24px !important}<\/style><div class=\"stk-row stk-inner-blocks stk-block-content stk-content-align stk-f88f10e-column\">\n<div class=\"wp-block-stackable-column stk-block-column stk-column stk-block stk-f6ec4d7 stk-block-background\" data-block-id=\"f6ec4d7\"><style>.stk-f6ec4d7{background-color:var(--paletteColor4,#17241e) !important}.stk-f6ec4d7:before{background-color:var(--paletteColor4,#17241e) !important}.stk-f6ec4d7{margin-bottom:39px !important}<\/style><div class=\"stk-column-wrapper stk-block-column__content stk-container stk-f6ec4d7-container stk--no-background stk--no-padding\"><div class=\"stk-block-content stk-inner-blocks\">\n<div class=\"wp-block-stackable-heading stk-block-heading stk-block stk-9c844b0\" id=\"svicen-s-nastolcem-uranova-zelen-crystal-mat\" data-block-id=\"9c844b0\"><style>.stk-9c844b0{margin-bottom:12px !important}@media screen and (max-width:1023px){.stk-9c844b0{margin-bottom:30px !important}}.stk-9c844b0 .stk-block-heading__text{font-size:26px !important;margin:0 !important;color:var(--paletteColor1,#ffb547) !important;line-height:1.2em !important;text-transform:capitalize !important}@media screen and (max-width:1023px){.stk-9c844b0 .stk-block-heading__text{font-size:30px !important}}<\/style><h3 class=\"stk-block-heading__text has-text-color has-text-align-center-mobile\">CANDLEHOLDER WITH BOWL - green uranium + crystal - mat<\/h3><\/div>\n\n\n\n<div class=\"wp-block-stackable-text stk-block-text stk-block stk-ea27af1\" data-block-id=\"ea27af1\"><style>.stk-ea27af1{margin-bottom:20px !important}.stk-ea27af1 .stk-block-text__text{color:#a2c1a3 !important}<\/style><p class=\"stk-block-text__text has-text-color\">Around 1935, company Josef Riedel Polubn\u00fd, height 35 cm.<\/p><\/div>\n\n\n\n<figure class=\"wp-block-gallery has-nested-images columns-2 wp-block-gallery-3 is-layout-flex wp-block-gallery-is-layout-flex\" data-block-type=\"core\">\n<figure class=\"wp-block-image size-large\" data-block-type=\"core\"><a href=\"http:\/\/www.schubert-crystal.com\/wp-content\/uploads\/2022\/06\/CIMG2728.jpg\" target=\"_blank\" rel=\"noopener\"><img loading=\"lazy\" decoding=\"async\" width=\"319\" height=\"435\" src=\"http:\/\/www.schubert-crystal.com\/wp-content\/uploads\/2022\/06\/CIMG2728.jpg\" alt=\"\" class=\"wp-image-1077\" srcset=\"https:\/\/www.schubert-crystal.com\/wp-content\/uploads\/2022\/06\/CIMG2728.jpg 319w, https:\/\/www.schubert-crystal.com\/wp-content\/uploads\/2022\/06\/CIMG2728-220x300.jpg 220w, https:\/\/www.schubert-crystal.com\/wp-content\/uploads\/2022\/06\/CIMG2728-9x12.jpg 9w\" sizes=\"(max-width: 319px) 100vw, 319px\" \/><\/a><\/figure>\n\n\n\n<figure class=\"wp-block-image size-large\" data-block-type=\"core\"><a href=\"http:\/\/www.schubert-crystal.com\/wp-content\/uploads\/2022\/06\/CIMG11661.jpg\" target=\"_blank\" rel=\"noopener\"><img loading=\"lazy\" decoding=\"async\" width=\"437\" height=\"764\" src=\"http:\/\/www.schubert-crystal.com\/wp-content\/uploads\/2022\/06\/CIMG11661.jpg\" alt=\"\" class=\"wp-image-1081\" srcset=\"https:\/\/www.schubert-crystal.com\/wp-content\/uploads\/2022\/06\/CIMG11661.jpg 437w, https:\/\/www.schubert-crystal.com\/wp-content\/uploads\/2022\/06\/CIMG11661-172x300.jpg 172w, https:\/\/www.schubert-crystal.com\/wp-content\/uploads\/2022\/06\/CIMG11661-7x12.jpg 7w\" sizes=\"(max-width: 437px) 100vw, 437px\" \/><\/a><\/figure>\n\n\n\n<figure class=\"wp-block-image size-large\" data-block-type=\"core\"><a href=\"http:\/\/www.schubert-crystal.com\/wp-content\/uploads\/2022\/06\/svicen.jpg\" target=\"_blank\" rel=\"noopener\"><img loading=\"lazy\" decoding=\"async\" width=\"263\" height=\"418\" src=\"http:\/\/www.schubert-crystal.com\/wp-content\/uploads\/2022\/06\/svicen.jpg\" alt=\"\" class=\"wp-image-1080\" srcset=\"https:\/\/www.schubert-crystal.com\/wp-content\/uploads\/2022\/06\/svicen.jpg 263w, https:\/\/www.schubert-crystal.com\/wp-content\/uploads\/2022\/06\/svicen-189x300.jpg 189w, https:\/\/www.schubert-crystal.com\/wp-content\/uploads\/2022\/06\/svicen-8x12.jpg 8w\" sizes=\"(max-width: 263px) 100vw, 263px\" \/><\/a><\/figure>\n<\/figure>\n<\/div><\/div><\/div>\n<\/div><\/div>\n<\/div><\/div><\/div>\n<\/div><\/div>","protected":false},"excerpt":{"rendered":"<p>Josef Riedel DV\u011a TANE\u010cNICE &#8211; op\u00e1l Firma Josef Riedel, Polubn\u00fd, po roce 1930, v\u00fd\u0161ka 21,8 cm STOLN\u00cd HODINY &#8211; modr\u00e9 \u010dir\u00e9 sklo Modr\u00e9 \u010dir\u00e9 sklo, firma Josef Riedel Polubn\u00fd po roce 1930, v\u00fd\u0161ka 16,5 cm. SV\u00cdCEN S N\u00c1STOLCEM \u2013 uranov\u00e1 zele\u0148 + crystal &#8211; mat Kolem roku 1935, fy Josef Riedel Polubn\u00fd, v\u00fd\u0161ka 35 cm.<\/p>","protected":false},"author":1,"featured_media":0,"parent":704,"menu_order":0,"comment_status":"closed","ping_status":"closed","template":"","meta":{"footnotes":""},"blocksy_meta":{"styles_descriptor":{"styles":{"desktop":"[data-prefix=\"single_page\"] .entry-header .page-title {--fontSize:30px;} [data-prefix=\"single_page\"] .entry-header .entry-meta {--fontWeight:600;--textTransform:uppercase;--fontSize:12px;--lineHeight:1.3;} [data-prefix=\"single_page\"] .hero-section[data-type=\"type-2\"] {--alignment:right;background-position:0% 0%;background-color:var(--paletteColor6);background-image:url(http:\/\/www.schubert-crystal.com\/wp-content\/uploads\/2022\/04\/cover-darker.jpg);--container-padding:50px 0;}","tablet":"","mobile":""},"google_fonts":[],"version":5},"page_title_panel":"","has_hero_section":"enabled","5ffcc86d9cbe558589a7335a4b17fc08":"","hero_section":"type-2","hero_elements":[{"id":"custom_title","enabled":false,"heading_tag":"h1","title":"Home","__id":"BTl6utj2JX6Q1wAyBF24I"},{"id":"custom_description","enabled":false,"description_visibility":{"desktop":true,"tablet":true,"mobile":false},"__id":"exr2AkYlnCGbzwVXCjDae"},{"id":"custom_meta","enabled":false,"meta_elements":[{"id":"author","enabled":true,"label":"By","has_author_avatar":"yes","avatar_size":25},{"id":"post_date","enabled":true,"label":"On","date_format_source":"default","date_format":"M j, Y"},{"id":"updated_date","enabled":false,"label":"On","date_format_source":"default","date_format":"M j, Y"},{"id":"categories","enabled":false,"label":"In","style":"simple"},{"id":"comments","enabled":true}],"page_meta_elements":{"joined":true,"articles_count":true,"comments":true},"__id":"TkOKcyo3Q1OZ6yTLsMARa"},{"id":"breadcrumbs","enabled":false,"__id":"fmYpGme78J1-LtS-RV_hv"}],"4b64a89e9cf1c71f78c415ca2ad96058":"","hero_alignment1":"CT_CSS_SKIP_RULE","hero_margin":40,"hero_alignment2":{"desktop":"right","tablet":"right","mobile":"right","__changed":[]},"hero_vertical_alignment":"center","4b8b065a29ad153a59a20b4a2477b0c0":"","hero_structure":"narrow","882966cb031439e8abcbe654321b63ea":"","page_title_bg_type":"featured_image","custom_hero_background":{"attachment_id":null},"parallax":{"desktop":false,"tablet":false,"mobile":false},"afe0a61bff2bb7331128ee6830f89c0d":"","hero_height":"250px","pageTitleFont":{"family":"Default","variation":"Default","size":"30px","line-height":"CT_CSS_SKIP_RULE","letter-spacing":"CT_CSS_SKIP_RULE","text-transform":"CT_CSS_SKIP_RULE","text-decoration":"CT_CSS_SKIP_RULE"},"pageTitleFontColor":{"default":{"color":"CT_CSS_SKIP_RULEDEFAULT"}},"pageMetaFont":{"family":"Default","variation":"n6","size":"12px","line-height":"1.3","letter-spacing":"CT_CSS_SKIP_RULE","text-transform":"uppercase","text-decoration":"CT_CSS_SKIP_RULE"},"pageMetaFontColor":{"default":{"color":"CT_CSS_SKIP_RULEDEFAULT"},"hover":{"color":"CT_CSS_SKIP_RULEDEFAULT"}},"page_meta_button_type_font_colors":{"default":{"color":"CT_CSS_SKIP_RULEDEFAULT"},"hover":{"color":"CT_CSS_SKIP_RULEDEFAULT"}},"page_meta_button_type_background_colors":{"default":{"color":"CT_CSS_SKIP_RULEDEFAULT"},"hover":{"color":"CT_CSS_SKIP_RULEDEFAULT"}},"pageExcerptFont":{"family":"Default","variation":"Default","size":"CT_CSS_SKIP_RULE","line-height":"CT_CSS_SKIP_RULE","letter-spacing":"CT_CSS_SKIP_RULE","text-transform":"CT_CSS_SKIP_RULE","text-decoration":"CT_CSS_SKIP_RULE"},"pageExcerptColor":{"default":{"color":"CT_CSS_SKIP_RULEDEFAULT"}},"breadcrumbsFont":{"family":"Default","variation":"Default","size":"CT_CSS_SKIP_RULE","line-height":"CT_CSS_SKIP_RULE","letter-spacing":"CT_CSS_SKIP_RULE","text-transform":"CT_CSS_SKIP_RULE","text-decoration":"CT_CSS_SKIP_RULE"},"breadcrumbsFontColor":{"default":{"color":"CT_CSS_SKIP_RULEDEFAULT"},"initial":{"color":"CT_CSS_SKIP_RULEDEFAULT"},"hover":{"color":"CT_CSS_SKIP_RULEDEFAULT"}},"pageTitleOverlay":{"background_type":"color","background_pattern":"type-1","background_image":{"attachment_id":null,"x":0,"y":0},"gradient":"linear-gradient(135deg,rgba(6,147,227,1) 0%,rgb(155,81,224) 100%)","background_repeat":"repeat","background_size":"auto","background_attachment":"scroll","patternColor":{"default":{"color":"#e5e7ea"}},"overlayColor":{"default":{"color":"CT_CSS_SKIP_RULE"}},"backgroundColor":{"default":{"color":"CT_CSS_SKIP_RULE"}}},"pageTitleBackground":{"background_type":"image","background_pattern":"type-1","background_image":{"attachment_id":604,"x":"0.00","y":"0.00","url":"http:\/\/www.schubert-crystal.com\/wp-content\/uploads\/2022\/04\/cover-darker-1024x461.jpg"},"gradient":"linear-gradient(135deg,rgba(6,147,227,1) 0%,rgb(155,81,224) 100%)","background_repeat":"repeat","background_size":"auto","background_attachment":"scroll","patternColor":{"default":{"color":"#e5e7ea"}},"overlayColor":{"default":{"color":"CT_CSS_SKIP_RULE"}},"backgroundColor":{"default":{"color":"var(--paletteColor6)"}}},"pageTitlePadding":{"top":"50px","bottom":"50px","left":"auto","right":"auto","linked":true},"0bcb983736ad665a0c7660875b1077a5":"","page_structure_type":"type-2","f16393a2ff4a1e41e4ce9bc12da7c8dd":"","content_style_source":"inherit","content_style":"wide","vertical_spacing_source":"custom","content_area_spacing":"none","background":{"background_type":"color","background_pattern":"type-1","background_image":{"attachment_id":null,"x":0,"y":0},"gradient":"linear-gradient(135deg,rgba(6,147,227,1) 0%,rgb(155,81,224) 100%)","background_repeat":"repeat","background_size":"auto","background_attachment":"scroll","patternColor":{"default":{"color":"#e5e7ea"}},"overlayColor":{"default":{"color":"CT_CSS_SKIP_RULE"}},"backgroundColor":{"default":{"color":"CT_CSS_SKIP_RULE"}}},"content_background":{"background_type":"color","background_pattern":"type-1","background_image":{"attachment_id":null,"x":0,"y":0},"gradient":"linear-gradient(135deg,rgba(6,147,227,1) 0%,rgb(155,81,224) 100%)","background_repeat":"repeat","background_size":"auto","background_attachment":"scroll","patternColor":{"default":{"color":"#e5e7ea"}},"overlayColor":{"default":{"color":"CT_CSS_SKIP_RULE"}},"backgroundColor":{"default":{"color":"var(--paletteColor8)"}}},"content_boxed_shadow":{"inherit":false,"blur":18,"spread":-6,"v_offset":12,"h_offset":0,"inset":false,"enable":true,"color":{"color":"rgba(34, 56, 101, 0.04)"}},"boxed_content_spacing":{"desktop":{"top":"40px","bottom":"40px","left":"40px","right":"40px","linked":true},"tablet":{"top":"35px","bottom":"35px","left":"35px","right":"35px","linked":true},"mobile":{"top":"20px","bottom":"20px","left":"20px","right":"20px","linked":true}},"content_boxed_radius":{"top":"3px","bottom":"3px","left":"3px","right":"3px","linked":true},"97d23c9ec9eaca5b5ac944667707b21a":"","disable_featured_image":"no","disable_share_box":"no","disable_header":"no","disable_footer":"no","b3eeed0e2043b79980e95278c5d22568":"","d95e031d8a8ef13972e99789d76f1d1e":"","0b52a6e39d8ab9c1d731ea30588707cf":"","cbe8cf4c257f2cef5d151815269a3504":"","page_title_image_size":"full","35c693d91716b67bb6ce5a9cbeb182f0":"","7f6347f1b147b4006749af4340c83d6f":"","e28017f134107c4e17c03d63321c9bc6":"","content_boxed_border":{"width":1,"style":"none","color":{"color":"rgba(44,62,80,0.2)"}},"d2485b62336b41f550db0ae6318a6f36":"","402920016bae420e6ef961a3415eccdb":"","12b9cd74169c32cf62ec4243803ddaff":"","667d724bf9921dcb5e2a269a3776f467":"","03a407f746464c3bc3847acbc525eaab":"","b7a95b2eba13df3abac83ba8d32ae567":"","584335c9966096c888928dffccd01835":"","e960a770f4a6c11b13d970cc98dded20":"","5e1a5ad506c37fd80ddc91191574f247":""},"featured_image_urls":{"full":"","thumbnail":"","medium":"","medium_large":"","large":"","1536x1536":"","2048x2048":"","trp-custom-language-flag":"","woocommerce_thumbnail":"","woocommerce_single":"","woocommerce_gallery_thumbnail":""},"post_excerpt_stackable":"<p>Josef Riedel DV\u011a TANE\u010cNICE &#8211; op\u00e1l Firma Josef Riedel, Polubn\u00fd, po roce 1930, v\u00fd\u0161ka 21,8 cm STOLN\u00cd HODINY &#8211; modr\u00e9 \u010dir\u00e9 sklo Modr\u00e9 \u010dir\u00e9 sklo, firma Josef Riedel Polubn\u00fd po roce 1930, v\u00fd\u0161ka 16,5 cm. SV\u00cdCEN S N\u00c1STOLCEM \u2013 uranov\u00e1 zele\u0148 + crystal &#8211; mat Kolem roku 1935, fy Josef Riedel Polubn\u00fd, v\u00fd\u0161ka 35 cm.<\/p>\n","category_list":"","author_info":{"name":"Test Test","url":"https:\/\/www.schubert-crystal.com\/en\/author\/g-uhlirgmail-com\/"},"comments_num":"0 comments","jetpack_sharing_enabled":true,"_links":{"self":[{"href":"https:\/\/www.schubert-crystal.com\/en\/wp-json\/wp\/v2\/pages\/1074"}],"collection":[{"href":"https:\/\/www.schubert-crystal.com\/en\/wp-json\/wp\/v2\/pages"}],"about":[{"href":"https:\/\/www.schubert-crystal.com\/en\/wp-json\/wp\/v2\/types\/page"}],"author":[{"embeddable":true,"href":"https:\/\/www.schubert-crystal.com\/en\/wp-json\/wp\/v2\/users\/1"}],"replies":[{"embeddable":true,"href":"https:\/\/www.schubert-crystal.com\/en\/wp-json\/wp\/v2\/comments?post=1074"}],"version-history":[{"count":3,"href":"https:\/\/www.schubert-crystal.com\/en\/wp-json\/wp\/v2\/pages\/1074\/revisions"}],"predecessor-version":[{"id":1084,"href":"https:\/\/www.schubert-crystal.com\/en\/wp-json\/wp\/v2\/pages\/1074\/revisions\/1084"}],"up":[{"embeddable":true,"href":"https:\/\/www.schubert-crystal.com\/en\/wp-json\/wp\/v2\/pages\/704"}],"wp:attachment":[{"href":"https:\/\/www.schubert-crystal.com\/en\/wp-json\/wp\/v2\/media?parent=1074"}],"curies":[{"name":"wp","href":"https:\/\/api.w.org\/{rel}","templated":true}]}}